{"id":30,"date":"2023-01-10T20:14:42","date_gmt":"2023-01-10T20:14:42","guid":{"rendered":"https:\/\/logistikaseminar.ee\/index.php\/ajakava\/"},"modified":"2026-03-18T13:46:21","modified_gmt":"2026-03-18T11:46:21","slug":"ajakava","status":"publish","type":"page","link":"https:\/\/logistikaseminar.ee\/en\/ajakava\/","title":{"rendered":"Schedule"},"content":{"rendered":"<div data-elementor-type=\"wp-page\" data-elementor-id=\"30\" class=\"elementor elementor-30\">\n\t\t\t\t\t\t<section class=\"elementor-section elementor-top-section elementor-element elementor-element-28a7c4e7 elementor-section-boxed elementor-section-height-default elementor-section-height-default\" data-id=\"28a7c4e7\" data-element_type=\"section\" data-e-type=\"section\">\n\t\t\t\t\t\t<div class=\"elementor-container elementor-column-gap-default\">\n\t\t\t\t\t<div class=\"elementor-column elementor-col-100 elementor-top-column elementor-element elementor-element-1cb5331d\" data-id=\"1cb5331d\" data-element_type=\"column\" data-e-type=\"column\">\n\t\t\t<div class=\"elementor-widget-wrap elementor-element-populated\">\n\t\t\t\t\t\t<div class=\"elementor-element elementor-element-622dd9a9 elementor-widget__width-initial elementor-widget elementor-widget-heading\" data-id=\"622dd9a9\" data-element_type=\"widget\" data-e-type=\"widget\" data-widget_type=\"heading.default\">\n\t\t\t\t<div class=\"elementor-widget-container\">\n\t\t\t\t\t<h1 class=\"elementor-heading-title elementor-size-default\"><div><span style=\"letter-spacing: -0.7px\">ajakava<\/span><span style=\"letter-spacing: -0.7px\"><\/span><\/div><\/h1>\t\t\t\t<\/div>\n\t\t\t\t<\/div>\n\t\t\t\t\t<\/div>\n\t\t<\/div>\n\t\t\t\t\t<\/div>\n\t\t<\/section>\n\t\t\t\t<section class=\"elementor-section elementor-top-section elementor-element elementor-element-5f945e1 elementor-section-boxed elementor-section-height-default elementor-section-height-default\" data-id=\"5f945e1\" data-element_type=\"section\" data-e-type=\"section\">\n\t\t\t\t\t\t<div class=\"elementor-container elementor-column-gap-default\">\n\t\t\t\t\t<div class=\"elementor-column elementor-col-100 elementor-top-column elementor-element elementor-element-4267e65\" data-id=\"4267e65\" data-element_type=\"column\" data-e-type=\"column\">\n\t\t\t<div class=\"elementor-widget-wrap elementor-element-populated\">\n\t\t\t\t\t\t<div class=\"elementor-element elementor-element-1634521 elementor-widget elementor-widget-text-editor\" data-id=\"1634521\" data-element_type=\"widget\" data-e-type=\"widget\" data-widget_type=\"text-editor.default\">\n\t\t\t\t<div class=\"elementor-widget-container\">\n\t\t\t\t\t\t\t\t\t<h5 style=\"text-align: left; padding-left: 40px;\"><b>9:00-9:50\u00a0 <\/b><span style=\"font-weight: 400;\">Uste ja messiala avamine<\/span><\/h5><h5 style=\"text-align: left; padding-left: 40px;\"><b>9:50-10:00\u00a0 <\/b><span style=\"font-weight: 400;\">Opening speech<\/span><\/h5><h5 style=\"text-align: left; padding-left: 40px;\"><b>10:00-10:30\u00a0\u00a0<\/b>\u201cLast mile logistics\u201d- <strong>major <\/strong><b>Marek Vainum\u00e4e<\/b><\/h5><h5 style=\"text-align: left; padding-left: 40px;\"><b>10:35-11:05\u00a0\u00a0<\/b><span style=\"font-weight: 400;\">\u201cM\u00e4rkmikust meistriklassini \u2013 20 aastat s\u00fcsteemset arengut kolimisteenuses\u201d &#8211; <\/span><b>Helina Savi<\/b><\/h5><h5 style=\"text-align: left; padding-left: 40px;\"><b>11:05-11:40<\/b><span style=\"font-weight: 400;\">\u00a0 Break\u00a0<\/span><\/h5><h5 style=\"text-align: left; padding-left: 80px;\"><b>11:10-11:30<\/b><span style=\"font-weight: 400;\">\u00a0 DPD workshop: \u201cFrom company to youth\u201d- <\/span><b>Janek Kivimurd<\/b><\/h5><h5 style=\"text-align: left; padding-left: 40px;\"><b>11:40-12:40<\/b><span style=\"font-weight: 400;\">\u00a0 Discussion panel: \u201cAccuracy, security and autonomy: is flawless operation possible?\u201d-\u00a0<\/span><b>Johannes Mossov, Martin Rebane, J\u00fcrgo Vahtra, Krister Kalda<\/b><\/h5><h5 style=\"text-align: left; padding-left: 40px;\"><b>12:45-13:15<\/b><span style=\"font-weight: 400;\">\u00a0 \u201c5 strateegilist punkti kesklao logistika tarneahelas AS OG Elektra n\u00e4itel\u201d &#8211;\u00a0<strong>Gea Gross<\/strong><br \/><\/span><\/h5><h5 style=\"text-align: left; padding-left: 40px;\"><b>13:15-14:50<\/b><span style=\"font-weight: 400;\">\u00a0 Lunch<\/span><\/h5><h5 style=\"text-align: left; padding-left: 80px;\"><b>13:20-14:10<\/b><span style=\"font-weight: 400;\">\u00a0\u00a0<\/span><span style=\"font-size: 1.25rem;\">Estonian Academy of Security Sciences<\/span><span style=\"font-family: inherit; font-size: 1.25rem;\">workshop: \u201cHumanitarian logistics\u201d<\/span><\/h5><h5 style=\"text-align: left; padding-left: 80px;\"><b>14:15-14:45<\/b><span style=\"font-weight: 400;\">\u00a0\u00a0<\/span><span style=\"font-size: 1.25rem;\">CV Keskus workshop:<\/span><span style=\"font-family: inherit; font-size: 1.25rem;\">\u201cStress management and work-pace balance in logistics\u201d- <b>Anu Saukas<\/b><\/span><\/h5><h5 style=\"text-align: left; padding-left: 40px;\"><b>14:50-15:50<\/b><span style=\"font-weight: 400;\">\u00a0 Discussion panel: \u201cTransport modes as a unified system \u2013 towards a flawless future\u201d-\u00a0<\/span><b>Eero P\u00e4rgm\u00e4e, Kersten Kattai, Guldar Kivro, Heigo Saare<\/b><\/h5><h5 style=\"text-align: left; padding-left: 40px;\"><b>15:50-16:30<\/b><span style=\"font-weight: 400;\">\u00a0 Final words<\/span><\/h5><div style=\"padding-left: 40px;\"><span style=\"font-weight: 400;\">\u00a0<\/span><\/div><div style=\"padding-left: 40px;\"><span style=\"font-family: inherit; font-size: 1.25rem;\"><strong>NB!<\/strong> The convention area is open before the opening speech and during breaks.<\/span><\/div>\t\t\t\t\t\t\t\t<\/div>\n\t\t\t\t<\/div>\n\t\t\t\t\t<\/div>\n\t\t<\/div>\n\t\t\t\t\t<\/div>\n\t\t<\/section>\n\t\t\t\t<\/div>","protected":false},"excerpt":{"rendered":"<p>ajakava 9:00-9:50\u00a0 Uste ja messiala avamine 9:50-10:00\u00a0 Avas\u00f5na 10:00-10:30\u00a0\u00a0&#8220;Viimase miili logistika&#8221;- major Marek Vainum\u00e4e 10:35-11:05\u00a0\u00a0\u201cM\u00e4rkmikust meistriklassini \u2013 20 aastat s\u00fcsteemset arengut kolimisteenuses\u201d &#8211; Helina Savi 11:05-11:40\u00a0 Paus\u00a0 11:10-11:30\u00a0 DPD t\u00f6\u00f6tuba: &#8220;Ettev\u00f5ttelt noorele&#8221;- Janek Kivimurd 11:40-12:40\u00a0 Diskussioonpaneel: \u201cT\u00e4psus, turvalisus ja autonoomsus: kas veatu tegutsemine on v\u00f5imalik?\u201d-\u00a0Johannes Mossov, Martin Rebane, J\u00fcrgo Vahtra, Krister Kalda 12:45-13:15\u00a0 \u201c5 strateegilist [&hellip;]<\/p>\n","protected":false},"author":1,"featured_media":0,"parent":0,"menu_order":0,"comment_status":"closed","ping_status":"closed","template":"","meta":{"footnotes":""},"class_list":["post-30","page","type-page","status-publish","hentry"],"yoast_head":"<!-- This site is optimized with the Yoast SEO plugin v27.4 - https:\/\/yoast.com\/product\/yoast-seo-wordpress\/ -->\n<title>Ajakava - Logistikaseminar<\/title>\n<meta name=\"robots\" content=\"index, follow, max-snippet:-1, max-image-preview:large, max-video-preview:-1\" \/>\n<link rel=\"canonical\" href=\"https:\/\/logistikaseminar.ee\/en\/ajakava\/\" \/>\n<meta property=\"og:locale\" content=\"en_US\" \/>\n<meta property=\"og:type\" content=\"article\" \/>\n<meta property=\"og:title\" content=\"Ajakava - Logistikaseminar\" \/>\n<meta property=\"og:description\" content=\"ajakava 9:00-9:50\u00a0 Uste ja messiala avamine 9:50-10:00\u00a0 Avas\u00f5na 10:00-10:30\u00a0\u00a0&#8220;Viimase miili logistika&#8221;- major Marek Vainum\u00e4e 10:35-11:05\u00a0\u00a0\u201cM\u00e4rkmikust meistriklassini \u2013 20 aastat s\u00fcsteemset arengut kolimisteenuses\u201d &#8211; Helina Savi 11:05-11:40\u00a0 Paus\u00a0 11:10-11:30\u00a0 DPD t\u00f6\u00f6tuba: &#8220;Ettev\u00f5ttelt noorele&#8221;- Janek Kivimurd 11:40-12:40\u00a0 Diskussioonpaneel: \u201cT\u00e4psus, turvalisus ja autonoomsus: kas veatu tegutsemine on v\u00f5imalik?\u201d-\u00a0Johannes Mossov, Martin Rebane, J\u00fcrgo Vahtra, Krister Kalda 12:45-13:15\u00a0 \u201c5 strateegilist [&hellip;]\" \/>\n<meta property=\"og:url\" content=\"https:\/\/logistikaseminar.ee\/en\/ajakava\/\" \/>\n<meta property=\"og:site_name\" content=\"Logistikaseminar\" \/>\n<meta property=\"article:publisher\" content=\"https:\/\/www.facebook.com\/Logistikaseminar\" \/>\n<meta property=\"article:modified_time\" content=\"2026-03-18T11:46:21+00:00\" \/>\n<meta name=\"twitter:card\" content=\"summary_large_image\" \/>\n<meta name=\"twitter:label1\" content=\"Est. reading time\" \/>\n\t<meta name=\"twitter:data1\" content=\"1 minute\" \/>\n<script type=\"application\/ld+json\" class=\"yoast-schema-graph\">{\"@context\":\"https:\\\/\\\/schema.org\",\"@graph\":[{\"@type\":\"WebPage\",\"@id\":\"https:\\\/\\\/logistikaseminar.ee\\\/ajakava\\\/\",\"url\":\"https:\\\/\\\/logistikaseminar.ee\\\/ajakava\\\/\",\"name\":\"Ajakava - Logistikaseminar\",\"isPartOf\":{\"@id\":\"https:\\\/\\\/logistikaseminar.ee\\\/#website\"},\"datePublished\":\"2023-01-10T20:14:42+00:00\",\"dateModified\":\"2026-03-18T11:46:21+00:00\",\"breadcrumb\":{\"@id\":\"https:\\\/\\\/logistikaseminar.ee\\\/ajakava\\\/#breadcrumb\"},\"inLanguage\":\"en-US\",\"potentialAction\":[{\"@type\":\"ReadAction\",\"target\":[\"https:\\\/\\\/logistikaseminar.ee\\\/ajakava\\\/\"]}]},{\"@type\":\"BreadcrumbList\",\"@id\":\"https:\\\/\\\/logistikaseminar.ee\\\/ajakava\\\/#breadcrumb\",\"itemListElement\":[{\"@type\":\"ListItem\",\"position\":1,\"name\":\"Home\",\"item\":\"https:\\\/\\\/logistikaseminar.ee\\\/\"},{\"@type\":\"ListItem\",\"position\":2,\"name\":\"Ajakava\"}]},{\"@type\":\"WebSite\",\"@id\":\"https:\\\/\\\/logistikaseminar.ee\\\/#website\",\"url\":\"https:\\\/\\\/logistikaseminar.ee\\\/\",\"name\":\"Logistikaseminar\",\"description\":\"Igaaastane logistika suurs&uuml;ndmus!\",\"publisher\":{\"@id\":\"https:\\\/\\\/logistikaseminar.ee\\\/#organization\"},\"potentialAction\":[{\"@type\":\"SearchAction\",\"target\":{\"@type\":\"EntryPoint\",\"urlTemplate\":\"https:\\\/\\\/logistikaseminar.ee\\\/?s={search_term_string}\"},\"query-input\":{\"@type\":\"PropertyValueSpecification\",\"valueRequired\":true,\"valueName\":\"search_term_string\"}}],\"inLanguage\":\"en-US\"},{\"@type\":\"Organization\",\"@id\":\"https:\\\/\\\/logistikaseminar.ee\\\/#organization\",\"name\":\"Logistikaseminar\",\"url\":\"https:\\\/\\\/logistikaseminar.ee\\\/\",\"logo\":{\"@type\":\"ImageObject\",\"inLanguage\":\"en-US\",\"@id\":\"https:\\\/\\\/logistikaseminar.ee\\\/#\\\/schema\\\/logo\\\/image\\\/\",\"url\":\"https:\\\/\\\/logistikaseminar.ee\\\/wp-content\\\/uploads\\\/2023\\\/01\\\/Logistikaseminar-valgel.png\",\"contentUrl\":\"https:\\\/\\\/logistikaseminar.ee\\\/wp-content\\\/uploads\\\/2023\\\/01\\\/Logistikaseminar-valgel.png\",\"width\":2160,\"height\":585,\"caption\":\"Logistikaseminar\"},\"image\":{\"@id\":\"https:\\\/\\\/logistikaseminar.ee\\\/#\\\/schema\\\/logo\\\/image\\\/\"},\"sameAs\":[\"https:\\\/\\\/www.facebook.com\\\/Logistikaseminar\",\"https:\\\/\\\/www.instagram.com\\\/logistikaseminar.ee\\\/\",\"https:\\\/\\\/www.linkedin.com\\\/company\\\/logistikaseminar\\\/\"]}]}<\/script>\n<!-- \/ Yoast SEO plugin. -->","yoast_head_json":{"title":"Ajakava - Logistikaseminar","robots":{"index":"index","follow":"follow","max-snippet":"max-snippet:-1","max-image-preview":"max-image-preview:large","max-video-preview":"max-video-preview:-1"},"canonical":"https:\/\/logistikaseminar.ee\/en\/ajakava\/","og_locale":"en_US","og_type":"article","og_title":"Ajakava - Logistikaseminar","og_description":"ajakava 9:00-9:50\u00a0 Uste ja messiala avamine 9:50-10:00\u00a0 Avas\u00f5na 10:00-10:30\u00a0\u00a0&#8220;Viimase miili logistika&#8221;- major Marek Vainum\u00e4e 10:35-11:05\u00a0\u00a0\u201cM\u00e4rkmikust meistriklassini \u2013 20 aastat s\u00fcsteemset arengut kolimisteenuses\u201d &#8211; Helina Savi 11:05-11:40\u00a0 Paus\u00a0 11:10-11:30\u00a0 DPD t\u00f6\u00f6tuba: &#8220;Ettev\u00f5ttelt noorele&#8221;- Janek Kivimurd 11:40-12:40\u00a0 Diskussioonpaneel: \u201cT\u00e4psus, turvalisus ja autonoomsus: kas veatu tegutsemine on v\u00f5imalik?\u201d-\u00a0Johannes Mossov, Martin Rebane, J\u00fcrgo Vahtra, Krister Kalda 12:45-13:15\u00a0 \u201c5 strateegilist [&hellip;]","og_url":"https:\/\/logistikaseminar.ee\/en\/ajakava\/","og_site_name":"Logistikaseminar","article_publisher":"https:\/\/www.facebook.com\/Logistikaseminar","article_modified_time":"2026-03-18T11:46:21+00:00","twitter_card":"summary_large_image","twitter_misc":{"Est. reading time":"1 minute"},"schema":{"@context":"https:\/\/schema.org","@graph":[{"@type":"WebPage","@id":"https:\/\/logistikaseminar.ee\/ajakava\/","url":"https:\/\/logistikaseminar.ee\/ajakava\/","name":"Ajakava - Logistikaseminar","isPartOf":{"@id":"https:\/\/logistikaseminar.ee\/#website"},"datePublished":"2023-01-10T20:14:42+00:00","dateModified":"2026-03-18T11:46:21+00:00","breadcrumb":{"@id":"https:\/\/logistikaseminar.ee\/ajakava\/#breadcrumb"},"inLanguage":"en-US","potentialAction":[{"@type":"ReadAction","target":["https:\/\/logistikaseminar.ee\/ajakava\/"]}]},{"@type":"BreadcrumbList","@id":"https:\/\/logistikaseminar.ee\/ajakava\/#breadcrumb","itemListElement":[{"@type":"ListItem","position":1,"name":"Home","item":"https:\/\/logistikaseminar.ee\/"},{"@type":"ListItem","position":2,"name":"Ajakava"}]},{"@type":"WebSite","@id":"https:\/\/logistikaseminar.ee\/#website","url":"https:\/\/logistikaseminar.ee\/","name":"Logistics seminar","description":"Igaaastane logistika suurs&uuml;ndmus!","publisher":{"@id":"https:\/\/logistikaseminar.ee\/#organization"},"potentialAction":[{"@type":"SearchAction","target":{"@type":"EntryPoint","urlTemplate":"https:\/\/logistikaseminar.ee\/?s={search_term_string}"},"query-input":{"@type":"PropertyValueSpecification","valueRequired":true,"valueName":"search_term_string"}}],"inLanguage":"en-US"},{"@type":"Organization","@id":"https:\/\/logistikaseminar.ee\/#organization","name":"Logistics seminar","url":"https:\/\/logistikaseminar.ee\/","logo":{"@type":"ImageObject","inLanguage":"en-US","@id":"https:\/\/logistikaseminar.ee\/#\/schema\/logo\/image\/","url":"https:\/\/logistikaseminar.ee\/wp-content\/uploads\/2023\/01\/Logistikaseminar-valgel.png","contentUrl":"https:\/\/logistikaseminar.ee\/wp-content\/uploads\/2023\/01\/Logistikaseminar-valgel.png","width":2160,"height":585,"caption":"Logistikaseminar"},"image":{"@id":"https:\/\/logistikaseminar.ee\/#\/schema\/logo\/image\/"},"sameAs":["https:\/\/www.facebook.com\/Logistikaseminar","https:\/\/www.instagram.com\/logistikaseminar.ee\/","https:\/\/www.linkedin.com\/company\/logistikaseminar\/"]}]}},"_links":{"self":[{"href":"https:\/\/logistikaseminar.ee\/en\/wp-json\/wp\/v2\/pages\/30","targetHints":{"allow":["GET"]}}],"collection":[{"href":"https:\/\/logistikaseminar.ee\/en\/wp-json\/wp\/v2\/pages"}],"about":[{"href":"https:\/\/logistikaseminar.ee\/en\/wp-json\/wp\/v2\/types\/page"}],"author":[{"embeddable":true,"href":"https:\/\/logistikaseminar.ee\/en\/wp-json\/wp\/v2\/users\/1"}],"replies":[{"embeddable":true,"href":"https:\/\/logistikaseminar.ee\/en\/wp-json\/wp\/v2\/comments?post=30"}],"version-history":[{"count":369,"href":"https:\/\/logistikaseminar.ee\/en\/wp-json\/wp\/v2\/pages\/30\/revisions"}],"predecessor-version":[{"id":3959,"href":"https:\/\/logistikaseminar.ee\/en\/wp-json\/wp\/v2\/pages\/30\/revisions\/3959"}],"wp:attachment":[{"href":"https:\/\/logistikaseminar.ee\/en\/wp-json\/wp\/v2\/media?parent=30"}],"curies":[{"name":"wp","href":"https:\/\/api.w.org\/{rel}","templated":true}]}}