{"id":54,"date":"2023-01-10T20:14:55","date_gmt":"2023-01-10T20:14:55","guid":{"rendered":"https:\/\/logistikaseminar.ee\/index.php\/avaleht-2\/"},"modified":"2026-03-04T10:33:51","modified_gmt":"2026-03-04T08:33:51","slug":"avaleht-2","status":"publish","type":"page","link":"https:\/\/logistikaseminar.ee\/en\/","title":{"rendered":"Home"},"content":{"rendered":"<div data-elementor-type=\"wp-page\" data-elementor-id=\"54\" class=\"elementor elementor-54\">\n\t\t\t\t\t\t<section class=\"elementor-section elementor-top-section elementor-element elementor-element-7684032 elementor-section-boxed elementor-section-height-default elementor-section-height-default\" data-id=\"7684032\" data-element_type=\"section\" data-e-type=\"section\">\n\t\t\t\t\t\t<div class=\"elementor-container elementor-column-gap-default\">\n\t\t\t\t\t<div class=\"elementor-column elementor-col-100 elementor-top-column elementor-element elementor-element-81570c8\" data-id=\"81570c8\" data-element_type=\"column\" data-e-type=\"column\">\n\t\t\t<div class=\"elementor-widget-wrap elementor-element-populated\">\n\t\t\t\t\t\t<div class=\"elementor-element elementor-element-753e78d elementor-widget elementor-widget-heading\" data-id=\"753e78d\" data-element_type=\"widget\" data-e-type=\"widget\" data-widget_type=\"heading.default\">\n\t\t\t\t<div class=\"elementor-widget-container\">\n\t\t\t\t\t<h1 class=\"elementor-heading-title elementor-size-default\"><br><br>WITHOUT MISTAKES<\/h1>\t\t\t\t<\/div>\n\t\t\t\t<\/div>\n\t\t\t\t<div class=\"elementor-element elementor-element-ca6a6e9 elementor-widget elementor-widget-heading\" data-id=\"ca6a6e9\" data-element_type=\"widget\" data-e-type=\"widget\" data-widget_type=\"heading.default\">\n\t\t\t\t<div class=\"elementor-widget-container\">\n\t\t\t\t\t<h6 class=\"elementor-heading-title elementor-size-default\">The 2026 Logistics Seminar, titled \u201cWithout Mistakes,\u201d will take place on April 1 at T1 Venues. The seminar focuses on logistics efficiency and error-free process management, providing students with practical knowledge, discussions, and the opportunity to network with industry experts. The event will provide participants with valuable experience that they can apply in their future professional work.<\/h6>\t\t\t\t<\/div>\n\t\t\t\t<\/div>\n\t\t\t\t\t<\/div>\n\t\t<\/div>\n\t\t\t\t\t<\/div>\n\t\t<\/section>\n\t\t\t\t<section class=\"elementor-section elementor-top-section elementor-element elementor-element-1db6fe8 elementor-section-boxed elementor-section-height-default elementor-section-height-default\" data-id=\"1db6fe8\" data-element_type=\"section\" data-e-type=\"section\">\n\t\t\t\t\t\t<div class=\"elementor-container elementor-column-gap-default\">\n\t\t\t\t\t<div class=\"elementor-column elementor-col-100 elementor-top-column elementor-element elementor-element-6d30a34\" data-id=\"6d30a34\" data-element_type=\"column\" data-e-type=\"column\">\n\t\t\t<div class=\"elementor-widget-wrap elementor-element-populated\">\n\t\t\t\t\t\t<div class=\"elementor-element elementor-element-6808ed9 elementor-widget elementor-widget-text-editor\" data-id=\"6808ed9\" data-element_type=\"widget\" data-e-type=\"widget\" data-widget_type=\"text-editor.default\">\n\t\t\t\t<div class=\"elementor-widget-container\">\n\t\t\t\t\t\t\t\t\t<h1 style=\"text-align: center;\"><span style=\"color: #ffffff;\">LOGISTICS SEMINAR 2026<\/span><span style=\"color: #ffffff;\">OB TEIENI PEATOETAJA<br>OG ELEKTRA AS<br><\/span><\/h1>\n<h1 style=\"text-align: center;\"><img decoding=\"async\" class=\"alignnone size-medium wp-image-3553 aligncenter\" src=\"https:\/\/logistikaseminar.ee\/wp-content\/uploads\/2026\/02\/Grossi-Toidukaubad_pohilogo-6_page-0001-300x78.jpg\" alt=\"\" width=\"300\" height=\"78\" srcset=\"https:\/\/logistikaseminar.ee\/wp-content\/uploads\/2026\/02\/Grossi-Toidukaubad_pohilogo-6_page-0001-300x78.jpg 300w, https:\/\/logistikaseminar.ee\/wp-content\/uploads\/2026\/02\/Grossi-Toidukaubad_pohilogo-6_page-0001-1024x265.jpg 1024w, https:\/\/logistikaseminar.ee\/wp-content\/uploads\/2026\/02\/Grossi-Toidukaubad_pohilogo-6_page-0001-768x199.jpg 768w, https:\/\/logistikaseminar.ee\/wp-content\/uploads\/2026\/02\/Grossi-Toidukaubad_pohilogo-6_page-0001-1536x398.jpg 1536w, https:\/\/logistikaseminar.ee\/wp-content\/uploads\/2026\/02\/Grossi-Toidukaubad_pohilogo-6_page-0001-2048x530.jpg 2048w, https:\/\/logistikaseminar.ee\/wp-content\/uploads\/2026\/02\/Grossi-Toidukaubad_pohilogo-6_page-0001-18x5.jpg 18w\" sizes=\"(max-width: 300px) 100vw, 300px\" \/><\/h1>\n<div><span style=\"color: #ffffff;\">&nbsp;<\/span><\/div>\t\t\t\t\t\t\t\t<\/div>\n\t\t\t\t<\/div>\n\t\t\t\t\t<\/div>\n\t\t<\/div>\n\t\t\t\t\t<\/div>\n\t\t<\/section>\n\t\t\t\t<section class=\"elementor-section elementor-top-section elementor-element elementor-element-d449cd0 elementor-section-boxed elementor-section-height-default elementor-section-height-default\" data-id=\"d449cd0\" data-element_type=\"section\" data-e-type=\"section\">\n\t\t\t\t\t\t<div class=\"elementor-container elementor-column-gap-default\">\n\t\t\t\t\t<div class=\"elementor-column elementor-col-100 elementor-top-column elementor-element elementor-element-6363f47\" data-id=\"6363f47\" data-element_type=\"column\" data-e-type=\"column\">\n\t\t\t<div class=\"elementor-widget-wrap\">\n\t\t\t\t\t\t\t<\/div>\n\t\t<\/div>\n\t\t\t\t\t<\/div>\n\t\t<\/section>\n\t\t\t\t<section class=\"elementor-section elementor-top-section elementor-element elementor-element-b70ac91 elementor-section-boxed elementor-section-height-default elementor-section-height-default\" data-id=\"b70ac91\" data-element_type=\"section\" data-e-type=\"section\">\n\t\t\t\t\t\t<div class=\"elementor-container elementor-column-gap-default\">\n\t\t\t\t\t<div class=\"elementor-column elementor-col-100 elementor-top-column elementor-element elementor-element-269bd89\" data-id=\"269bd89\" data-element_type=\"column\" data-e-type=\"column\">\n\t\t\t<div class=\"elementor-widget-wrap elementor-element-populated\">\n\t\t\t\t\t\t<div class=\"elementor-element elementor-element-89d9ee5 elementor-widget elementor-widget-heading\" data-id=\"89d9ee5\" data-element_type=\"widget\" data-e-type=\"widget\" data-widget_type=\"heading.default\">\n\t\t\t\t<div class=\"elementor-widget-container\">\n\t\t\t\t\t<h3 class=\"elementor-heading-title elementor-size-default\">Check out previous year seminar highlights!<\/h3>\t\t\t\t<\/div>\n\t\t\t\t<\/div>\n\t\t\t\t\t<\/div>\n\t\t<\/div>\n\t\t\t\t\t<\/div>\n\t\t<\/section>\n\t\t\t\t<section class=\"elementor-section elementor-top-section elementor-element elementor-element-b3ca808 elementor-section-boxed elementor-section-height-default elementor-section-height-default\" data-id=\"b3ca808\" data-element_type=\"section\" data-e-type=\"section\">\n\t\t\t\t\t\t<div class=\"elementor-container elementor-column-gap-default\">\n\t\t\t\t\t<div class=\"elementor-column elementor-col-100 elementor-top-column elementor-element elementor-element-62d7f4a\" data-id=\"62d7f4a\" data-element_type=\"column\" data-e-type=\"column\">\n\t\t\t<div class=\"elementor-widget-wrap elementor-element-populated\">\n\t\t\t\t\t\t<div class=\"elementor-element elementor-element-0dc5759 elementor-widget elementor-widget-video\" data-id=\"0dc5759\" data-element_type=\"widget\" data-e-type=\"widget\" data-settings=\"{&quot;autoplay&quot;:&quot;yes&quot;,&quot;play_on_mobile&quot;:&quot;yes&quot;,&quot;mute&quot;:&quot;yes&quot;,&quot;video_type&quot;:&quot;hosted&quot;,&quot;controls&quot;:&quot;yes&quot;}\" data-widget_type=\"video.default\">\n\t\t\t\t<div class=\"elementor-widget-container\">\n\t\t\t\t\t\t\t<div class=\"e-hosted-video elementor-wrapper elementor-open-inline\">\n\t\t\t\t\t<video class=\"elementor-video\" src=\"https:\/\/logistikaseminar.ee\/wp-content\/uploads\/2025\/09\/IMG_4011.mp4\" autoplay=\"\" controls=\"\" muted=\"muted\" playsinline=\"\" controlslist=\"nodownload\"><\/video>\n\t\t\t\t<\/div>\n\t\t\t\t\t\t<\/div>\n\t\t\t\t<\/div>\n\t\t\t\t\t<\/div>\n\t\t<\/div>\n\t\t\t\t\t<\/div>\n\t\t<\/section>\n\t\t\t\t<section class=\"elementor-section elementor-top-section elementor-element elementor-element-7553b9f elementor-section-boxed elementor-section-height-default elementor-section-height-default\" data-id=\"7553b9f\" data-element_type=\"section\" data-e-type=\"section\">\n\t\t\t\t\t\t<div class=\"elementor-container elementor-column-gap-default\">\n\t\t\t\t\t<div class=\"elementor-column elementor-col-100 elementor-top-column elementor-element elementor-element-83cc5f6\" data-id=\"83cc5f6\" data-element_type=\"column\" data-e-type=\"column\">\n\t\t\t<div class=\"elementor-widget-wrap elementor-element-populated\">\n\t\t\t\t\t\t<div class=\"elementor-element elementor-element-8c6b61c elementor-widget elementor-widget-spacer\" data-id=\"8c6b61c\" data-element_type=\"widget\" data-e-type=\"widget\" data-widget_type=\"spacer.default\">\n\t\t\t\t<div class=\"elementor-widget-container\">\n\t\t\t\t\t\t\t<div class=\"elementor-spacer\">\n\t\t\t<div class=\"elementor-spacer-inner\"><\/div>\n\t\t<\/div>\n\t\t\t\t\t\t<\/div>\n\t\t\t\t<\/div>\n\t\t\t\t\t<\/div>\n\t\t<\/div>\n\t\t\t\t\t<\/div>\n\t\t<\/section>\n\t\t\t\t<section class=\"elementor-section elementor-top-section elementor-element elementor-element-90c46ad elementor-section-boxed elementor-section-height-default elementor-section-height-default\" data-id=\"90c46ad\" data-element_type=\"section\" data-e-type=\"section\">\n\t\t\t\t\t\t<div class=\"elementor-container elementor-column-gap-default\">\n\t\t\t\t\t<div class=\"elementor-column elementor-col-100 elementor-top-column elementor-element elementor-element-bd0fc08\" data-id=\"bd0fc08\" data-element_type=\"column\" data-e-type=\"column\">\n\t\t\t<div class=\"elementor-widget-wrap\">\n\t\t\t\t\t\t\t<\/div>\n\t\t<\/div>\n\t\t\t\t\t<\/div>\n\t\t<\/section>\n\t\t\t\t<\/div>","protected":false},"excerpt":{"rendered":"<p>WITHOUT MISTAKES 2026. aasta logistikaseminar, nimega \u201cWithout Mistakes\u201d, toimub 1. aprillil T1 Venues. Seminar keskendub logistika efektiivsusele ja vigadeta protsesside juhtimisele, pakkudes tudengitele praktilisi teadmisi, arutelusid ja v\u00f5imalust suhelda valdkonna ekspertidega. \u00dcritus annab osalejatele v\u00e4\u00e4rtusliku kogemuse, mida nad saavad tulevikus rakendada professionaalses t\u00f6\u00f6s. LOGISTIKASEMINAR 2026 TOOB TEIENI PEATOETAJAOG ELEKTRA AS &nbsp; Vaata, mis toimus eelmise [&hellip;]<\/p>\n","protected":false},"author":1,"featured_media":0,"parent":0,"menu_order":0,"comment_status":"closed","ping_status":"closed","template":"elementor_header_footer","meta":{"footnotes":""},"class_list":["post-54","page","type-page","status-publish","hentry"],"yoast_head":"<!-- This site is optimized with the Yoast SEO plugin v27.4 - https:\/\/yoast.com\/product\/yoast-seo-wordpress\/ -->\n<title>Avaleht - Logistikaseminar<\/title>\n<meta name=\"description\" content=\"Logistikaseminar on Tallinna Tehnikak\u00f5rgkooli transpordi ja logistika kolmanda kursuse poolt korraldatud logistika suurs\u00fcndmus.\" \/>\n<meta name=\"robots\" content=\"index, follow, max-snippet:-1, max-image-preview:large, max-video-preview:-1\" \/>\n<link rel=\"canonical\" href=\"https:\/\/logistikaseminar.ee\/en\/\" \/>\n<meta property=\"og:locale\" content=\"en_US\" \/>\n<meta property=\"og:type\" content=\"article\" \/>\n<meta property=\"og:title\" content=\"Avaleht - Logistikaseminar\" \/>\n<meta property=\"og:description\" content=\"Logistikaseminar on Tallinna Tehnikak\u00f5rgkooli transpordi ja logistika kolmanda kursuse poolt korraldatud logistika suurs\u00fcndmus.\" \/>\n<meta property=\"og:url\" content=\"https:\/\/logistikaseminar.ee\/en\/\" \/>\n<meta property=\"og:site_name\" content=\"Logistikaseminar\" \/>\n<meta property=\"article:publisher\" content=\"https:\/\/www.facebook.com\/Logistikaseminar\" \/>\n<meta property=\"article:modified_time\" content=\"2026-03-04T08:33:51+00:00\" \/>\n<meta property=\"og:image\" content=\"https:\/\/logistikaseminar.ee\/wp-content\/uploads\/2026\/02\/Grossi-Toidukaubad_pohilogo-6_page-0001-scaled.jpg\" \/>\n\t<meta property=\"og:image:width\" content=\"2560\" \/>\n\t<meta property=\"og:image:height\" content=\"663\" \/>\n\t<meta property=\"og:image:type\" content=\"image\/jpeg\" \/>\n<meta name=\"twitter:card\" content=\"summary_large_image\" \/>\n<meta name=\"twitter:label1\" content=\"Est. reading time\" \/>\n\t<meta name=\"twitter:data1\" content=\"1 minute\" \/>\n<script type=\"application\/ld+json\" class=\"yoast-schema-graph\">{\"@context\":\"https:\\\/\\\/schema.org\",\"@graph\":[{\"@type\":\"WebPage\",\"@id\":\"https:\\\/\\\/logistikaseminar.ee\\\/\",\"url\":\"https:\\\/\\\/logistikaseminar.ee\\\/\",\"name\":\"Avaleht - Logistikaseminar\",\"isPartOf\":{\"@id\":\"https:\\\/\\\/logistikaseminar.ee\\\/#website\"},\"primaryImageOfPage\":{\"@id\":\"https:\\\/\\\/logistikaseminar.ee\\\/#primaryimage\"},\"image\":{\"@id\":\"https:\\\/\\\/logistikaseminar.ee\\\/#primaryimage\"},\"thumbnailUrl\":\"https:\\\/\\\/logistikaseminar.ee\\\/wp-content\\\/uploads\\\/2026\\\/02\\\/Grossi-Toidukaubad_pohilogo-6_page-0001-300x78.jpg\",\"datePublished\":\"2023-01-10T20:14:55+00:00\",\"dateModified\":\"2026-03-04T08:33:51+00:00\",\"description\":\"Logistikaseminar on Tallinna Tehnikak\u00f5rgkooli transpordi ja logistika kolmanda kursuse poolt korraldatud logistika suurs\u00fcndmus.\",\"breadcrumb\":{\"@id\":\"https:\\\/\\\/logistikaseminar.ee\\\/#breadcrumb\"},\"inLanguage\":\"en-US\",\"potentialAction\":[{\"@type\":\"ReadAction\",\"target\":[\"https:\\\/\\\/logistikaseminar.ee\\\/\"]}]},{\"@type\":\"ImageObject\",\"inLanguage\":\"en-US\",\"@id\":\"https:\\\/\\\/logistikaseminar.ee\\\/#primaryimage\",\"url\":\"https:\\\/\\\/logistikaseminar.ee\\\/wp-content\\\/uploads\\\/2026\\\/02\\\/Grossi-Toidukaubad_pohilogo-6_page-0001-300x78.jpg\",\"contentUrl\":\"https:\\\/\\\/logistikaseminar.ee\\\/wp-content\\\/uploads\\\/2026\\\/02\\\/Grossi-Toidukaubad_pohilogo-6_page-0001-300x78.jpg\"},{\"@type\":\"BreadcrumbList\",\"@id\":\"https:\\\/\\\/logistikaseminar.ee\\\/#breadcrumb\",\"itemListElement\":[{\"@type\":\"ListItem\",\"position\":1,\"name\":\"Home\",\"item\":\"https:\\\/\\\/logistikaseminar.ee\\\/\"},{\"@type\":\"ListItem\",\"position\":2,\"name\":\"Avaleht\"}]},{\"@type\":\"WebSite\",\"@id\":\"https:\\\/\\\/logistikaseminar.ee\\\/#website\",\"url\":\"https:\\\/\\\/logistikaseminar.ee\\\/\",\"name\":\"Logistikaseminar\",\"description\":\"Igaaastane logistika suurs&uuml;ndmus!\",\"publisher\":{\"@id\":\"https:\\\/\\\/logistikaseminar.ee\\\/#organization\"},\"potentialAction\":[{\"@type\":\"SearchAction\",\"target\":{\"@type\":\"EntryPoint\",\"urlTemplate\":\"https:\\\/\\\/logistikaseminar.ee\\\/?s={search_term_string}\"},\"query-input\":{\"@type\":\"PropertyValueSpecification\",\"valueRequired\":true,\"valueName\":\"search_term_string\"}}],\"inLanguage\":\"en-US\"},{\"@type\":\"Organization\",\"@id\":\"https:\\\/\\\/logistikaseminar.ee\\\/#organization\",\"name\":\"Logistikaseminar\",\"url\":\"https:\\\/\\\/logistikaseminar.ee\\\/\",\"logo\":{\"@type\":\"ImageObject\",\"inLanguage\":\"en-US\",\"@id\":\"https:\\\/\\\/logistikaseminar.ee\\\/#\\\/schema\\\/logo\\\/image\\\/\",\"url\":\"https:\\\/\\\/logistikaseminar.ee\\\/wp-content\\\/uploads\\\/2023\\\/01\\\/Logistikaseminar-valgel.png\",\"contentUrl\":\"https:\\\/\\\/logistikaseminar.ee\\\/wp-content\\\/uploads\\\/2023\\\/01\\\/Logistikaseminar-valgel.png\",\"width\":2160,\"height\":585,\"caption\":\"Logistikaseminar\"},\"image\":{\"@id\":\"https:\\\/\\\/logistikaseminar.ee\\\/#\\\/schema\\\/logo\\\/image\\\/\"},\"sameAs\":[\"https:\\\/\\\/www.facebook.com\\\/Logistikaseminar\",\"https:\\\/\\\/www.instagram.com\\\/logistikaseminar.ee\\\/\",\"https:\\\/\\\/www.linkedin.com\\\/company\\\/logistikaseminar\\\/\"]}]}<\/script>\n<!-- \/ Yoast SEO plugin. -->","yoast_head_json":{"title":"Avaleht - Logistikaseminar","description":"Logistikaseminar on Tallinna Tehnikak\u00f5rgkooli transpordi ja logistika kolmanda kursuse poolt korraldatud logistika suurs\u00fcndmus.","robots":{"index":"index","follow":"follow","max-snippet":"max-snippet:-1","max-image-preview":"max-image-preview:large","max-video-preview":"max-video-preview:-1"},"canonical":"https:\/\/logistikaseminar.ee\/en\/","og_locale":"en_US","og_type":"article","og_title":"Avaleht - Logistikaseminar","og_description":"Logistikaseminar on Tallinna Tehnikak\u00f5rgkooli transpordi ja logistika kolmanda kursuse poolt korraldatud logistika suurs\u00fcndmus.","og_url":"https:\/\/logistikaseminar.ee\/en\/","og_site_name":"Logistikaseminar","article_publisher":"https:\/\/www.facebook.com\/Logistikaseminar","article_modified_time":"2026-03-04T08:33:51+00:00","og_image":[{"width":2560,"height":663,"url":"https:\/\/logistikaseminar.ee\/wp-content\/uploads\/2026\/02\/Grossi-Toidukaubad_pohilogo-6_page-0001-scaled.jpg","type":"image\/jpeg"}],"twitter_card":"summary_large_image","twitter_misc":{"Est. reading time":"1 minute"},"schema":{"@context":"https:\/\/schema.org","@graph":[{"@type":"WebPage","@id":"https:\/\/logistikaseminar.ee\/","url":"https:\/\/logistikaseminar.ee\/","name":"Avaleht - Logistikaseminar","isPartOf":{"@id":"https:\/\/logistikaseminar.ee\/#website"},"primaryImageOfPage":{"@id":"https:\/\/logistikaseminar.ee\/#primaryimage"},"image":{"@id":"https:\/\/logistikaseminar.ee\/#primaryimage"},"thumbnailUrl":"https:\/\/logistikaseminar.ee\/wp-content\/uploads\/2026\/02\/Grossi-Toidukaubad_pohilogo-6_page-0001-300x78.jpg","datePublished":"2023-01-10T20:14:55+00:00","dateModified":"2026-03-04T08:33:51+00:00","description":"Logistikaseminar on Tallinna Tehnikak\u00f5rgkooli transpordi ja logistika kolmanda kursuse poolt korraldatud logistika suurs\u00fcndmus.","breadcrumb":{"@id":"https:\/\/logistikaseminar.ee\/#breadcrumb"},"inLanguage":"en-US","potentialAction":[{"@type":"ReadAction","target":["https:\/\/logistikaseminar.ee\/"]}]},{"@type":"ImageObject","inLanguage":"en-US","@id":"https:\/\/logistikaseminar.ee\/#primaryimage","url":"https:\/\/logistikaseminar.ee\/wp-content\/uploads\/2026\/02\/Grossi-Toidukaubad_pohilogo-6_page-0001-300x78.jpg","contentUrl":"https:\/\/logistikaseminar.ee\/wp-content\/uploads\/2026\/02\/Grossi-Toidukaubad_pohilogo-6_page-0001-300x78.jpg"},{"@type":"BreadcrumbList","@id":"https:\/\/logistikaseminar.ee\/#breadcrumb","itemListElement":[{"@type":"ListItem","position":1,"name":"Home","item":"https:\/\/logistikaseminar.ee\/"},{"@type":"ListItem","position":2,"name":"Avaleht"}]},{"@type":"WebSite","@id":"https:\/\/logistikaseminar.ee\/#website","url":"https:\/\/logistikaseminar.ee\/","name":"Logistics seminar","description":"Igaaastane logistika suurs&uuml;ndmus!","publisher":{"@id":"https:\/\/logistikaseminar.ee\/#organization"},"potentialAction":[{"@type":"SearchAction","target":{"@type":"EntryPoint","urlTemplate":"https:\/\/logistikaseminar.ee\/?s={search_term_string}"},"query-input":{"@type":"PropertyValueSpecification","valueRequired":true,"valueName":"search_term_string"}}],"inLanguage":"en-US"},{"@type":"Organization","@id":"https:\/\/logistikaseminar.ee\/#organization","name":"Logistics seminar","url":"https:\/\/logistikaseminar.ee\/","logo":{"@type":"ImageObject","inLanguage":"en-US","@id":"https:\/\/logistikaseminar.ee\/#\/schema\/logo\/image\/","url":"https:\/\/logistikaseminar.ee\/wp-content\/uploads\/2023\/01\/Logistikaseminar-valgel.png","contentUrl":"https:\/\/logistikaseminar.ee\/wp-content\/uploads\/2023\/01\/Logistikaseminar-valgel.png","width":2160,"height":585,"caption":"Logistikaseminar"},"image":{"@id":"https:\/\/logistikaseminar.ee\/#\/schema\/logo\/image\/"},"sameAs":["https:\/\/www.facebook.com\/Logistikaseminar","https:\/\/www.instagram.com\/logistikaseminar.ee\/","https:\/\/www.linkedin.com\/company\/logistikaseminar\/"]}]}},"_links":{"self":[{"href":"https:\/\/logistikaseminar.ee\/en\/wp-json\/wp\/v2\/pages\/54","targetHints":{"allow":["GET"]}}],"collection":[{"href":"https:\/\/logistikaseminar.ee\/en\/wp-json\/wp\/v2\/pages"}],"about":[{"href":"https:\/\/logistikaseminar.ee\/en\/wp-json\/wp\/v2\/types\/page"}],"author":[{"embeddable":true,"href":"https:\/\/logistikaseminar.ee\/en\/wp-json\/wp\/v2\/users\/1"}],"replies":[{"embeddable":true,"href":"https:\/\/logistikaseminar.ee\/en\/wp-json\/wp\/v2\/comments?post=54"}],"version-history":[{"count":903,"href":"https:\/\/logistikaseminar.ee\/en\/wp-json\/wp\/v2\/pages\/54\/revisions"}],"predecessor-version":[{"id":3915,"href":"https:\/\/logistikaseminar.ee\/en\/wp-json\/wp\/v2\/pages\/54\/revisions\/3915"}],"wp:attachment":[{"href":"https:\/\/logistikaseminar.ee\/en\/wp-json\/wp\/v2\/media?parent=54"}],"curies":[{"name":"wp","href":"https:\/\/api.w.org\/{rel}","templated":true}]}}