{"id":952,"date":"2023-03-13T10:27:39","date_gmt":"2023-03-13T10:27:39","guid":{"rendered":"https:\/\/logistikaseminar.ee\/?page_id=952"},"modified":"2026-02-09T18:57:43","modified_gmt":"2026-02-09T16:57:43","slug":"tootoad","status":"publish","type":"page","link":"https:\/\/logistikaseminar.ee\/en\/tootoad\/","title":{"rendered":"Workshops"},"content":{"rendered":"<div data-elementor-type=\"wp-page\" data-elementor-id=\"952\" class=\"elementor elementor-952\">\n\t\t\t\t\t\t<section class=\"elementor-section elementor-top-section elementor-element elementor-element-4b1cc8c elementor-section-boxed elementor-section-height-default elementor-section-height-default\" data-id=\"4b1cc8c\" data-element_type=\"section\" data-e-type=\"section\">\n\t\t\t\t\t\t<div class=\"elementor-container elementor-column-gap-default\">\n\t\t\t\t\t<div class=\"elementor-column elementor-col-100 elementor-top-column elementor-element elementor-element-96bdc21\" data-id=\"96bdc21\" data-element_type=\"column\" data-e-type=\"column\">\n\t\t\t<div class=\"elementor-widget-wrap elementor-element-populated\">\n\t\t\t\t\t\t<div class=\"elementor-element elementor-element-95111fa elementor-widget elementor-widget-heading\" data-id=\"95111fa\" data-element_type=\"widget\" data-e-type=\"widget\" data-widget_type=\"heading.default\">\n\t\t\t\t<div class=\"elementor-widget-container\">\n\t\t\t\t\t<h1 class=\"elementor-heading-title elementor-size-default\">WORKSHOP DESCRIPTIONS<\/h1>\t\t\t\t<\/div>\n\t\t\t\t<\/div>\n\t\t\t\t\t<\/div>\n\t\t<\/div>\n\t\t\t\t\t<\/div>\n\t\t<\/section>\n\t\t\t\t<section class=\"elementor-section elementor-top-section elementor-element elementor-element-c06d61a elementor-section-boxed elementor-section-height-default elementor-section-height-default\" data-id=\"c06d61a\" data-element_type=\"section\" data-e-type=\"section\">\n\t\t\t\t\t\t<div class=\"elementor-container elementor-column-gap-default\">\n\t\t\t\t\t<div class=\"elementor-column elementor-col-100 elementor-top-column elementor-element elementor-element-97400dd\" data-id=\"97400dd\" data-element_type=\"column\" data-e-type=\"column\">\n\t\t\t<div class=\"elementor-widget-wrap elementor-element-populated\">\n\t\t\t\t\t\t<div class=\"elementor-element elementor-element-82e1414 elementor-widget elementor-widget-text-editor\" data-id=\"82e1414\" data-element_type=\"widget\" data-e-type=\"widget\" data-widget_type=\"text-editor.default\">\n\t\t\t\t<div class=\"elementor-widget-container\">\n\t\t\t\t\t\t\t\t\t<h1><span style=\"color: #ffffff;\">DPD workshop: \u201cFrom business to youth\u201d<\/span><\/h1><p>Are you young and applying for your first professional position or do you feel like you can't \"sell\" yourself to a potential employer? Janek Kivimurd shares practical tips on how to talk about your strengths, values, and contribution to achieving the company's goals so that your preparation will bear fruit. Let's break the myths together!<\/p><p>The workshop will be conducted by Janek Kivimurd and will be held in Estonian.<\/p><p style=\"text-align: left;\">There are a limited number of places in the workshop, but we are flexible. In case of greater interest, we will still try to accommodate interested parties on site, based on the availability and number of attendees. Priority will be given to those who registered earlier.<\/p><p style=\"text-align: left;\">\u00a0<\/p><h1><span style=\"color: #ffffff;\">Estonian Academy of Security Sciences workshop: \u201cHumanitarian logistics\u201d<\/span><\/h1><p>An accident has happened! What to do? How to be prepared for major accidents? In the workshop, you will learn from specialists from the Estonian Academy of Security Sciences how to apply effective teamwork and planning skills in unexpected and serious situations. In tense situations, mistakes can easily occur, but human lives are at stake\u2026<\/p><p>The workshop is conducted by Estonian Academy of Security Sciences and will be held in Estonian.<\/p><p>There are a limited number of places in the workshop, but we are flexible. In case of greater interest, we will still try to accommodate interested parties on site, based on the availability and number of attendees. Priority will be given to those who registered earlier.\u00a0<\/p><p>\u00a0<\/p><h1 class=\"mb-4\"><span style=\"color: #ffffff;\">CV Keskus workshop: \u201cStress management and work-pace balance in logistics\u201d<\/span><\/h1><p>Since the stress of logistics work directly affects the quality and results of work, it is important to know how to truly maintain your mental health at work. How can you support your well-being and avoid mistakes caused by stress?<\/p><p>The workshop is conducted by CV Keskus and will be held in Estonian.<\/p><p>There are a limited number of places in the workshop, but we are flexible. In case of greater interest, we will still try to accommodate interested parties on site, based on the availability and number of attendees. Priority will be given to those who registered earlier.\u00a0<\/p><p>\u00a0<\/p><p>\u00a0<\/p><h4><b>NB! You can register for the workshops after purchasing a ticket for the seminar.<\/b><\/h4><div class=\"d-md-flex justify-content-between flex-col-gap\"><div>\u00a0<\/div><\/div>\t\t\t\t\t\t\t\t<\/div>\n\t\t\t\t<\/div>\n\t\t\t\t\t<\/div>\n\t\t<\/div>\n\t\t\t\t\t<\/div>\n\t\t<\/section>\n\t\t\t\t<\/div>","protected":false},"excerpt":{"rendered":"<p>T\u00d6\u00d6TUBADE KIRJELDUSED DPD t\u00f6\u00f6tuba: &#8220;Ettev\u00f5ttelt noorele&#8221; Oled noor ja kandideerimas esimesele erialasele positsioonile v\u00f5i tunned, et ei suuda ennast potentsiaalsele t\u00f6\u00f6andjale \u201cmaha m\u00fc\u00fca\u201d? Janek Kivimurd jagab praktilisi n\u00e4pun\u00e4iteid, kuidas r\u00e4\u00e4kida oma tugevustest, v\u00e4\u00e4rtustest ja panusest ettev\u00f5tte eesm\u00e4rkide saavutamisel, et ettevalmistus kannaks ka vilja. Murrame koos m\u00fc\u00fcte! T\u00f6\u00f6toa viib l\u00e4bi Janek Kivimurd ning see toimub eesti [&hellip;]<\/p>\n","protected":false},"author":1,"featured_media":0,"parent":0,"menu_order":0,"comment_status":"closed","ping_status":"closed","template":"elementor_header_footer","meta":{"footnotes":""},"class_list":["post-952","page","type-page","status-publish","hentry"],"yoast_head":"<!-- This site is optimized with the Yoast SEO plugin v27.4 - https:\/\/yoast.com\/product\/yoast-seo-wordpress\/ -->\n<title>T\u00f6\u00f6toad - Logistikaseminar<\/title>\n<meta name=\"robots\" content=\"index, follow, max-snippet:-1, max-image-preview:large, max-video-preview:-1\" \/>\n<link rel=\"canonical\" href=\"https:\/\/logistikaseminar.ee\/en\/tootoad\/\" \/>\n<meta property=\"og:locale\" content=\"en_US\" \/>\n<meta property=\"og:type\" content=\"article\" \/>\n<meta property=\"og:title\" content=\"T\u00f6\u00f6toad - Logistikaseminar\" \/>\n<meta property=\"og:description\" content=\"T\u00d6\u00d6TUBADE KIRJELDUSED DPD t\u00f6\u00f6tuba: &#8220;Ettev\u00f5ttelt noorele&#8221; Oled noor ja kandideerimas esimesele erialasele positsioonile v\u00f5i tunned, et ei suuda ennast potentsiaalsele t\u00f6\u00f6andjale \u201cmaha m\u00fc\u00fca\u201d? Janek Kivimurd jagab praktilisi n\u00e4pun\u00e4iteid, kuidas r\u00e4\u00e4kida oma tugevustest, v\u00e4\u00e4rtustest ja panusest ettev\u00f5tte eesm\u00e4rkide saavutamisel, et ettevalmistus kannaks ka vilja. Murrame koos m\u00fc\u00fcte! T\u00f6\u00f6toa viib l\u00e4bi Janek Kivimurd ning see toimub eesti [&hellip;]\" \/>\n<meta property=\"og:url\" content=\"https:\/\/logistikaseminar.ee\/en\/tootoad\/\" \/>\n<meta property=\"og:site_name\" content=\"Logistikaseminar\" \/>\n<meta property=\"article:publisher\" content=\"https:\/\/www.facebook.com\/Logistikaseminar\" \/>\n<meta property=\"article:modified_time\" content=\"2026-02-09T16:57:43+00:00\" \/>\n<meta name=\"twitter:card\" content=\"summary_large_image\" \/>\n<meta name=\"twitter:label1\" content=\"Est. reading time\" \/>\n\t<meta name=\"twitter:data1\" content=\"2 minutes\" \/>\n<script type=\"application\/ld+json\" class=\"yoast-schema-graph\">{\"@context\":\"https:\\\/\\\/schema.org\",\"@graph\":[{\"@type\":\"WebPage\",\"@id\":\"https:\\\/\\\/logistikaseminar.ee\\\/tootoad\\\/\",\"url\":\"https:\\\/\\\/logistikaseminar.ee\\\/tootoad\\\/\",\"name\":\"T\u00f6\u00f6toad - Logistikaseminar\",\"isPartOf\":{\"@id\":\"https:\\\/\\\/logistikaseminar.ee\\\/#website\"},\"datePublished\":\"2023-03-13T10:27:39+00:00\",\"dateModified\":\"2026-02-09T16:57:43+00:00\",\"breadcrumb\":{\"@id\":\"https:\\\/\\\/logistikaseminar.ee\\\/tootoad\\\/#breadcrumb\"},\"inLanguage\":\"en-US\",\"potentialAction\":[{\"@type\":\"ReadAction\",\"target\":[\"https:\\\/\\\/logistikaseminar.ee\\\/tootoad\\\/\"]}]},{\"@type\":\"BreadcrumbList\",\"@id\":\"https:\\\/\\\/logistikaseminar.ee\\\/tootoad\\\/#breadcrumb\",\"itemListElement\":[{\"@type\":\"ListItem\",\"position\":1,\"name\":\"Home\",\"item\":\"https:\\\/\\\/logistikaseminar.ee\\\/\"},{\"@type\":\"ListItem\",\"position\":2,\"name\":\"T\u00f6\u00f6toad\"}]},{\"@type\":\"WebSite\",\"@id\":\"https:\\\/\\\/logistikaseminar.ee\\\/#website\",\"url\":\"https:\\\/\\\/logistikaseminar.ee\\\/\",\"name\":\"Logistikaseminar\",\"description\":\"Igaaastane logistika suurs&uuml;ndmus!\",\"publisher\":{\"@id\":\"https:\\\/\\\/logistikaseminar.ee\\\/#organization\"},\"potentialAction\":[{\"@type\":\"SearchAction\",\"target\":{\"@type\":\"EntryPoint\",\"urlTemplate\":\"https:\\\/\\\/logistikaseminar.ee\\\/?s={search_term_string}\"},\"query-input\":{\"@type\":\"PropertyValueSpecification\",\"valueRequired\":true,\"valueName\":\"search_term_string\"}}],\"inLanguage\":\"en-US\"},{\"@type\":\"Organization\",\"@id\":\"https:\\\/\\\/logistikaseminar.ee\\\/#organization\",\"name\":\"Logistikaseminar\",\"url\":\"https:\\\/\\\/logistikaseminar.ee\\\/\",\"logo\":{\"@type\":\"ImageObject\",\"inLanguage\":\"en-US\",\"@id\":\"https:\\\/\\\/logistikaseminar.ee\\\/#\\\/schema\\\/logo\\\/image\\\/\",\"url\":\"https:\\\/\\\/logistikaseminar.ee\\\/wp-content\\\/uploads\\\/2023\\\/01\\\/Logistikaseminar-valgel.png\",\"contentUrl\":\"https:\\\/\\\/logistikaseminar.ee\\\/wp-content\\\/uploads\\\/2023\\\/01\\\/Logistikaseminar-valgel.png\",\"width\":2160,\"height\":585,\"caption\":\"Logistikaseminar\"},\"image\":{\"@id\":\"https:\\\/\\\/logistikaseminar.ee\\\/#\\\/schema\\\/logo\\\/image\\\/\"},\"sameAs\":[\"https:\\\/\\\/www.facebook.com\\\/Logistikaseminar\",\"https:\\\/\\\/www.instagram.com\\\/logistikaseminar.ee\\\/\",\"https:\\\/\\\/www.linkedin.com\\\/company\\\/logistikaseminar\\\/\"]}]}<\/script>\n<!-- \/ Yoast SEO plugin. -->","yoast_head_json":{"title":"T\u00f6\u00f6toad - Logistikaseminar","robots":{"index":"index","follow":"follow","max-snippet":"max-snippet:-1","max-image-preview":"max-image-preview:large","max-video-preview":"max-video-preview:-1"},"canonical":"https:\/\/logistikaseminar.ee\/en\/tootoad\/","og_locale":"en_US","og_type":"article","og_title":"T\u00f6\u00f6toad - Logistikaseminar","og_description":"T\u00d6\u00d6TUBADE KIRJELDUSED DPD t\u00f6\u00f6tuba: &#8220;Ettev\u00f5ttelt noorele&#8221; Oled noor ja kandideerimas esimesele erialasele positsioonile v\u00f5i tunned, et ei suuda ennast potentsiaalsele t\u00f6\u00f6andjale \u201cmaha m\u00fc\u00fca\u201d? Janek Kivimurd jagab praktilisi n\u00e4pun\u00e4iteid, kuidas r\u00e4\u00e4kida oma tugevustest, v\u00e4\u00e4rtustest ja panusest ettev\u00f5tte eesm\u00e4rkide saavutamisel, et ettevalmistus kannaks ka vilja. Murrame koos m\u00fc\u00fcte! T\u00f6\u00f6toa viib l\u00e4bi Janek Kivimurd ning see toimub eesti [&hellip;]","og_url":"https:\/\/logistikaseminar.ee\/en\/tootoad\/","og_site_name":"Logistikaseminar","article_publisher":"https:\/\/www.facebook.com\/Logistikaseminar","article_modified_time":"2026-02-09T16:57:43+00:00","twitter_card":"summary_large_image","twitter_misc":{"Est. reading time":"2 minutes"},"schema":{"@context":"https:\/\/schema.org","@graph":[{"@type":"WebPage","@id":"https:\/\/logistikaseminar.ee\/tootoad\/","url":"https:\/\/logistikaseminar.ee\/tootoad\/","name":"T\u00f6\u00f6toad - Logistikaseminar","isPartOf":{"@id":"https:\/\/logistikaseminar.ee\/#website"},"datePublished":"2023-03-13T10:27:39+00:00","dateModified":"2026-02-09T16:57:43+00:00","breadcrumb":{"@id":"https:\/\/logistikaseminar.ee\/tootoad\/#breadcrumb"},"inLanguage":"en-US","potentialAction":[{"@type":"ReadAction","target":["https:\/\/logistikaseminar.ee\/tootoad\/"]}]},{"@type":"BreadcrumbList","@id":"https:\/\/logistikaseminar.ee\/tootoad\/#breadcrumb","itemListElement":[{"@type":"ListItem","position":1,"name":"Home","item":"https:\/\/logistikaseminar.ee\/"},{"@type":"ListItem","position":2,"name":"T\u00f6\u00f6toad"}]},{"@type":"WebSite","@id":"https:\/\/logistikaseminar.ee\/#website","url":"https:\/\/logistikaseminar.ee\/","name":"Logistics seminar","description":"Igaaastane logistika suurs&uuml;ndmus!","publisher":{"@id":"https:\/\/logistikaseminar.ee\/#organization"},"potentialAction":[{"@type":"SearchAction","target":{"@type":"EntryPoint","urlTemplate":"https:\/\/logistikaseminar.ee\/?s={search_term_string}"},"query-input":{"@type":"PropertyValueSpecification","valueRequired":true,"valueName":"search_term_string"}}],"inLanguage":"en-US"},{"@type":"Organization","@id":"https:\/\/logistikaseminar.ee\/#organization","name":"Logistics seminar","url":"https:\/\/logistikaseminar.ee\/","logo":{"@type":"ImageObject","inLanguage":"en-US","@id":"https:\/\/logistikaseminar.ee\/#\/schema\/logo\/image\/","url":"https:\/\/logistikaseminar.ee\/wp-content\/uploads\/2023\/01\/Logistikaseminar-valgel.png","contentUrl":"https:\/\/logistikaseminar.ee\/wp-content\/uploads\/2023\/01\/Logistikaseminar-valgel.png","width":2160,"height":585,"caption":"Logistikaseminar"},"image":{"@id":"https:\/\/logistikaseminar.ee\/#\/schema\/logo\/image\/"},"sameAs":["https:\/\/www.facebook.com\/Logistikaseminar","https:\/\/www.instagram.com\/logistikaseminar.ee\/","https:\/\/www.linkedin.com\/company\/logistikaseminar\/"]}]}},"_links":{"self":[{"href":"https:\/\/logistikaseminar.ee\/en\/wp-json\/wp\/v2\/pages\/952","targetHints":{"allow":["GET"]}}],"collection":[{"href":"https:\/\/logistikaseminar.ee\/en\/wp-json\/wp\/v2\/pages"}],"about":[{"href":"https:\/\/logistikaseminar.ee\/en\/wp-json\/wp\/v2\/types\/page"}],"author":[{"embeddable":true,"href":"https:\/\/logistikaseminar.ee\/en\/wp-json\/wp\/v2\/users\/1"}],"replies":[{"embeddable":true,"href":"https:\/\/logistikaseminar.ee\/en\/wp-json\/wp\/v2\/comments?post=952"}],"version-history":[{"count":79,"href":"https:\/\/logistikaseminar.ee\/en\/wp-json\/wp\/v2\/pages\/952\/revisions"}],"predecessor-version":[{"id":3663,"href":"https:\/\/logistikaseminar.ee\/en\/wp-json\/wp\/v2\/pages\/952\/revisions\/3663"}],"wp:attachment":[{"href":"https:\/\/logistikaseminar.ee\/en\/wp-json\/wp\/v2\/media?parent=952"}],"curies":[{"name":"wp","href":"https:\/\/api.w.org\/{rel}","templated":true}]}}